{"id":2651,"date":"2025-10-28T12:13:08","date_gmt":"2025-10-28T12:13:08","guid":{"rendered":"https:\/\/footique.zweipro.digital\/?page_id=2651"},"modified":"2025-10-28T12:23:34","modified_gmt":"2025-10-28T12:23:34","slug":"impressum","status":"publish","type":"page","link":"https:\/\/footique.zweipro.digital\/en\/impressum\/","title":{"rendered":"Impressum"},"content":{"rendered":"<section class=\"bde-section-2651-100 bde-section\">\n  \n  \n\t\n\n\n\n<div class=\"section-container\"><h1 class=\"bde-heading-2651-101 bde-heading\">\nImpressum\n<\/h1><div class=\"bde-columns-2651-102 bde-columns\"><div class=\"bde-column-2651-103 bde-column\">\n  \n  \n\t\n\n\n\n<div class=\"bde-fancy-divider-2651-104 bde-fancy-divider\">\n\n\n<div class=\"bde-fancy-divider__wrapper\">\n  <div class=\"bde-fancy-divider__separator\">\n  \t  <\/div>\n<\/div>\n\n<\/div><div class=\"bde-rich-text-2651-105 bde-rich-text breakdance-rich-text-styles\">\n<p><strong>Angaben gem\u00e4\u00df \u00a7 5 TMG<\/strong><\/p>\n<p><span><strong>Footique GmbH<\/strong><\/span><\/p>\n<p><strong>Postanschrift<\/strong><br \/>Braukweg 6<br \/>D-59964 Medebach\/p>\n\n<\/div><div class=\"bde-columns-2651-106 bde-columns\"><div class=\"bde-column-2651-107 bde-column\">\n  \n  \n\t\n\n\n\n<div class=\"bde-div-2651-108 bde-div\">\n  \n  \n\t\n\n\n\n<div class=\"bde-div-2651-109 bde-div\">\n  \n  \n\t\n\n\n\n<div class=\"bde-text-2651-110 bde-text\">\nTelefon:\n<\/div>\n<\/div><div class=\"bde-div-2651-111 bde-div\">\n  \n  \n\t\n\n\n\n<div class=\"bde-button-2651-112 bde-button dotlink\">\n    \n                                    \n    \n    \n    \n    \n            \n                    \n            \n            \n\n    \n    \n    \n    \n    \n    <a class=\"breakdance-link button-atom button-atom--text bde-button__button\" href=\"tel:+4929829089469\" target=\"_self\" data-type=\"url\"  >\n\n    \n        <span class=\"button-atom__text\">+ 49 (0) 2982 9089469<\/span>\n\n        \n        \n                <\/a>\n\n    \n\n\n<\/div>\n<\/div>\n<\/div><div class=\"bde-div-2651-118 bde-div\">\n  \n  \n\t\n\n\n\n<div class=\"bde-div-2651-119 bde-div\">\n  \n  \n\t\n\n\n\n<div class=\"bde-text-2651-120 bde-text\">\nE-Mail:\n<\/div>\n<\/div><div class=\"bde-div-2651-121 bde-div\">\n  \n  \n\t\n\n\n\n<div class=\"bde-button-2651-122 bde-button dotlink\">\n    \n                                    \n    \n    \n    \n    \n            \n                    \n            \n            \n\n    \n    \n    \n    \n    \n    <a class=\"breakdance-link button-atom button-atom--text bde-button__button\" href=\"mailto:contact@footique.football\" target=\"_self\" data-type=\"url\"  >\n\n    \n        <span class=\"button-atom__text\">contact@footique.football<\/span>\n\n        \n        \n                <\/a>\n\n    \n\n\n<\/div>\n<\/div>\n<\/div><div class=\"bde-div-2651-123 bde-div\">\n  \n  \n\t\n\n\n\n<div class=\"bde-div-2651-124 bde-div\">\n  \n  \n\t\n\n\n\n<div class=\"bde-text-2651-125 bde-text\">\nWeb:\n<\/div>\n<\/div><div class=\"bde-div-2651-126 bde-div\">\n  \n  \n\t\n\n\n\n<div class=\"bde-button-2651-127 bde-button dotlink\">\n    \n                                    \n    \n    \n    \n    \n            \n                    \n            \n            \n\n    \n    \n    \n    \n    \n    <a class=\"breakdance-link button-atom button-atom--text bde-button__button\" href=\"https:\/\/footique.football\" target=\"_self\" data-type=\"url\"  >\n\n    \n        <span class=\"button-atom__text\">www.footique.football<\/span>\n\n        \n        \n                <\/a>\n\n    \n\n\n<\/div>\n<\/div>\n<\/div>\n<\/div><\/div><div class=\"bde-rich-text-2651-128 bde-rich-text breakdance-rich-text-styles\">\n<p><strong>Gesch\u00e4ftsf\u00fchrender Gesellschafter<\/strong><br \/>Martin Weddemann<br \/>Alexander Moj<\/p>\n<p>Amtsgericht ***<br \/>HRA ***<br \/>Umsatzsteuer-Identifikationsnummer: ***<\/p>\n<p><strong>Umsatzsteuer<\/strong><br \/>Umsatzsteuer-Identifikationsnummer gem\u00e4\u00df \u00a727 a Umsatzsteuergesetz:<br \/>DE ***<\/p>\n<\/div><div class=\"bde-fancy-divider-2651-129 bde-fancy-divider\">\n\n\n<div class=\"bde-fancy-divider__wrapper\">\n  <div class=\"bde-fancy-divider__separator\">\n  \t  <\/div>\n<\/div>\n\n<\/div>\n<\/div><div class=\"bde-column-2651-130 bde-column\">\n  \n  \n\t\n\n\n\n<div class=\"bde-fancy-divider-2651-131 bde-fancy-divider\">\n\n\n<div class=\"bde-fancy-divider__wrapper\">\n  <div class=\"bde-fancy-divider__separator\">\n  \t  <\/div>\n<\/div>\n\n<\/div><div class=\"bde-rich-text-2651-132 bde-rich-text breakdance-rich-text-styles\">\n<p><strong>Streitschlichtung<\/strong><br \/>Die Europ\u00e4ische Kommission stellt eine Plattform zur Online-Streitbeilegung (OS) bereit: https:\/\/ec.europa.eu\/consumers\/odr.<br \/>Unsere E-Mail-Adresse finden Sie oben im Impressum.<\/p><p>Wir sind nicht bereit oder verpflichtet, an Streitbeilegungsverfahren vor einer Verbraucherschlichtungsstelle teilzunehmen.<\/p><p><strong>Haftung f\u00fcr Inhalte<\/strong><br \/>Als Diensteanbieter sind wir gem\u00e4\u00df \u00a7 7 Abs.1 TMG f\u00fcr eigene Inhalte auf diesen Seiten nach den allgemeinen Gesetzen verantwortlich. Nach \u00a7\u00a7 8 bis 10 TMG sind wir als Diensteanbieter jedoch nicht verpflichtet, \u00fcbermittelte oder gespeicherte fremde Informationen zu \u00fcberwachen oder nach Umst\u00e4nden zu forschen, die auf eine rechtswidrige T\u00e4tigkeit hinweisen.<\/p><p>Verpflichtungen zur Entfernung oder Sperrung der Nutzung von Informationen nach den allgemeinen Gesetzen bleiben hiervon unber\u00fchrt. Eine diesbez\u00fcgliche Haftung ist jedoch erst ab dem Zeitpunkt der Kenntnis einer konkreten Rechtsverletzung m\u00f6glich. Bei Bekanntwerden von entsprechenden Rechtsverletzungen werden wir diese Inhalte umgehend entfernen.<\/p><p><strong>Haftung f\u00fcr Links<\/strong><br \/>Unser Angebot enth\u00e4lt Links zu externen Websites Dritter, auf deren Inhalte wir keinen Einfluss haben. Deshalb k\u00f6nnen wir f\u00fcr diese fremden Inhalte auch keine Gew\u00e4hr \u00fcbernehmen. F\u00fcr die Inhalte der verlinkten Seiten ist stets der jeweilige Anbieter oder Betreiber der Seiten verantwortlich. Die verlinkten Seiten wurden zum Zeitpunkt der Verlinkung auf m\u00f6gliche Rechtsverst\u00f6\u00dfe \u00fcberpr\u00fcft. Rechtswidrige Inhalte waren zum Zeitpunkt der Verlinkung nicht erkennbar.<\/p><p>Eine permanente inhaltliche Kontrolle der verlinkten Seiten ist jedoch ohne konkrete Anhaltspunkte einer Rechtsverletzung nicht zumutbar. Bei Bekanntwerden von Rechtsverletzungen werden wir derartige Links umgehend entfernen.<\/p><p><strong>Urheberrecht<\/strong><br \/>Die durch die Seitenbetreiber erstellten Inhalte und Werke auf diesen Seiten unterliegen dem deutschen Urheberrecht. Die Vervielf\u00e4ltigung, Bearbeitung, Verbreitung und jede Art der Verwertung au\u00dferhalb der Grenzen des Urheberrechtes bed\u00fcrfen der schriftlichen Zustimmung des jeweiligen Autors bzw. Erstellers. Downloads und Kopien dieser Seite sind nur f\u00fcr den privaten, nicht kommerziellen Gebrauch gestattet.<\/p><p>Soweit die Inhalte auf dieser Seite nicht vom Betreiber erstellt wurden, werden die Urheberrechte Dritter beachtet. Insbesondere werden Inhalte Dritter als solche gekennzeichnet. Sollten Sie trotzdem auf eine Urheberrechtsverletzung aufmerksam werden, bitten wir um einen entsprechenden Hinweis. Bei Bekanntwerden von Rechtsverletzungen werden wir derartige Inhalte umgehend entfernen.<\/p>\n<\/div>\n<\/div><\/div><\/div>\n<\/section>","protected":false},"excerpt":{"rendered":"<p>Impressum Angaben gem\u00e4\u00df \u00a7 5 TMG Footique GmbH PostanschriftBraukweg 6D-59964 Medebach\/p> Telefon: + 49 (0) 2982 9089469 E-Mail: contact@footique.football Web: www.footique.football Gesch\u00e4ftsf\u00fchrender GesellschafterMartin WeddemannAlexander Moj Amtsgericht ***HRA ***Umsatzsteuer-Identifikationsnummer: *** UmsatzsteuerUmsatzsteuer-Identifikationsnummer gem\u00e4\u00df \u00a727 a Umsatzsteuergesetz:DE *** StreitschlichtungDie Europ\u00e4ische Kommission stellt eine Plattform zur Online-Streitbeilegung (OS) bereit: https:\/\/ec.europa.eu\/consumers\/odr.Unsere E-Mail-Adresse finden Sie oben im Impressum.Wir sind nicht bereit [&hellip;]<\/p>","protected":false},"author":1,"featured_media":0,"parent":0,"menu_order":0,"comment_status":"closed","ping_status":"closed","template":"","meta":{"_breakdance_hide_in_design_set":false,"_breakdance_tags":"","footnotes":""},"class_list":["post-2651","page","type-page","status-publish","hentry"],"yoast_head":"<!-- This site is optimized with the Yoast SEO plugin v26.1 - https:\/\/yoast.com\/wordpress\/plugins\/seo\/ -->\n<title>Impressum - footique.zweipro.digital<\/title>\n<meta name=\"robots\" content=\"noindex, follow, max-snippet:-1, max-image-preview:large, max-video-preview:-1\" \/>\n<meta property=\"og:locale\" content=\"en_GB\" \/>\n<meta property=\"og:type\" content=\"article\" \/>\n<meta property=\"og:title\" content=\"Impressum - footique.zweipro.digital\" \/>\n<meta property=\"og:description\" content=\"Impressum Angaben gem\u00e4\u00df \u00a7 5 TMG Footique GmbH PostanschriftBraukweg 6D-59964 Medebach\/p&gt; Telefon: + 49 (0) 2982 9089469 E-Mail: contact@footique.football Web: www.footique.football Gesch\u00e4ftsf\u00fchrender GesellschafterMartin WeddemannAlexander Moj Amtsgericht ***HRA ***Umsatzsteuer-Identifikationsnummer: *** UmsatzsteuerUmsatzsteuer-Identifikationsnummer gem\u00e4\u00df \u00a727 a Umsatzsteuergesetz:DE *** StreitschlichtungDie Europ\u00e4ische Kommission stellt eine Plattform zur Online-Streitbeilegung (OS) bereit: https:\/\/ec.europa.eu\/consumers\/odr.Unsere E-Mail-Adresse finden Sie oben im Impressum.Wir sind nicht bereit [&hellip;]\" \/>\n<meta property=\"og:url\" content=\"https:\/\/footique.zweipro.digital\/en\/impressum\/\" \/>\n<meta property=\"og:site_name\" content=\"footique.zweipro.digital\" \/>\n<meta property=\"article:modified_time\" content=\"2025-10-28T12:23:34+00:00\" \/>\n<meta name=\"twitter:card\" content=\"summary_large_image\" \/>\n<script type=\"application\/ld+json\" class=\"yoast-schema-graph\">{\"@context\":\"https:\/\/schema.org\",\"@graph\":[{\"@type\":\"WebPage\",\"@id\":\"https:\/\/footique.zweipro.digital\/impressum\/\",\"url\":\"https:\/\/footique.zweipro.digital\/impressum\/\",\"name\":\"Impressum - footique.zweipro.digital\",\"isPartOf\":{\"@id\":\"https:\/\/footique.zweipro.digital\/#website\"},\"datePublished\":\"2025-10-28T12:13:08+00:00\",\"dateModified\":\"2025-10-28T12:23:34+00:00\",\"breadcrumb\":{\"@id\":\"https:\/\/footique.zweipro.digital\/impressum\/#breadcrumb\"},\"inLanguage\":\"en-GB\",\"potentialAction\":[{\"@type\":\"ReadAction\",\"target\":[\"https:\/\/footique.zweipro.digital\/impressum\/\"]}]},{\"@type\":\"BreadcrumbList\",\"@id\":\"https:\/\/footique.zweipro.digital\/impressum\/#breadcrumb\",\"itemListElement\":[{\"@type\":\"ListItem\",\"position\":1,\"name\":\"Startseite\",\"item\":\"https:\/\/footique.zweipro.digital\/\"},{\"@type\":\"ListItem\",\"position\":2,\"name\":\"Impressum\"}]},{\"@type\":\"WebSite\",\"@id\":\"https:\/\/footique.zweipro.digital\/#website\",\"url\":\"https:\/\/footique.zweipro.digital\/\",\"name\":\"footique.zweipro.digital\",\"description\":\"\",\"potentialAction\":[{\"@type\":\"SearchAction\",\"target\":{\"@type\":\"EntryPoint\",\"urlTemplate\":\"https:\/\/footique.zweipro.digital\/?s={search_term_string}\"},\"query-input\":{\"@type\":\"PropertyValueSpecification\",\"valueRequired\":true,\"valueName\":\"search_term_string\"}}],\"inLanguage\":\"en-GB\"}]}<\/script>\n<!-- \/ Yoast SEO plugin. -->","yoast_head_json":{"title":"Impressum - footique.zweipro.digital","robots":{"index":"noindex","follow":"follow","max-snippet":"max-snippet:-1","max-image-preview":"max-image-preview:large","max-video-preview":"max-video-preview:-1"},"og_locale":"en_GB","og_type":"article","og_title":"Impressum - footique.zweipro.digital","og_description":"Impressum Angaben gem\u00e4\u00df \u00a7 5 TMG Footique GmbH PostanschriftBraukweg 6D-59964 Medebach\/p> Telefon: + 49 (0) 2982 9089469 E-Mail: contact@footique.football Web: www.footique.football Gesch\u00e4ftsf\u00fchrender GesellschafterMartin WeddemannAlexander Moj Amtsgericht ***HRA ***Umsatzsteuer-Identifikationsnummer: *** UmsatzsteuerUmsatzsteuer-Identifikationsnummer gem\u00e4\u00df \u00a727 a Umsatzsteuergesetz:DE *** StreitschlichtungDie Europ\u00e4ische Kommission stellt eine Plattform zur Online-Streitbeilegung (OS) bereit: https:\/\/ec.europa.eu\/consumers\/odr.Unsere E-Mail-Adresse finden Sie oben im Impressum.Wir sind nicht bereit [&hellip;]","og_url":"https:\/\/footique.zweipro.digital\/en\/impressum\/","og_site_name":"footique.zweipro.digital","article_modified_time":"2025-10-28T12:23:34+00:00","twitter_card":"summary_large_image","schema":{"@context":"https:\/\/schema.org","@graph":[{"@type":"WebPage","@id":"https:\/\/footique.zweipro.digital\/impressum\/","url":"https:\/\/footique.zweipro.digital\/impressum\/","name":"Impressum - footique.zweipro.digital","isPartOf":{"@id":"https:\/\/footique.zweipro.digital\/#website"},"datePublished":"2025-10-28T12:13:08+00:00","dateModified":"2025-10-28T12:23:34+00:00","breadcrumb":{"@id":"https:\/\/footique.zweipro.digital\/impressum\/#breadcrumb"},"inLanguage":"en-GB","potentialAction":[{"@type":"ReadAction","target":["https:\/\/footique.zweipro.digital\/impressum\/"]}]},{"@type":"BreadcrumbList","@id":"https:\/\/footique.zweipro.digital\/impressum\/#breadcrumb","itemListElement":[{"@type":"ListItem","position":1,"name":"Startseite","item":"https:\/\/footique.zweipro.digital\/"},{"@type":"ListItem","position":2,"name":"Impressum"}]},{"@type":"WebSite","@id":"https:\/\/footique.zweipro.digital\/#website","url":"https:\/\/footique.zweipro.digital\/","name":"footique.zweipro.digital","description":"","potentialAction":[{"@type":"SearchAction","target":{"@type":"EntryPoint","urlTemplate":"https:\/\/footique.zweipro.digital\/?s={search_term_string}"},"query-input":{"@type":"PropertyValueSpecification","valueRequired":true,"valueName":"search_term_string"}}],"inLanguage":"en-GB"}]}},"_links":{"self":[{"href":"https:\/\/footique.zweipro.digital\/en\/wp-json\/wp\/v2\/pages\/2651","targetHints":{"allow":["GET"]}}],"collection":[{"href":"https:\/\/footique.zweipro.digital\/en\/wp-json\/wp\/v2\/pages"}],"about":[{"href":"https:\/\/footique.zweipro.digital\/en\/wp-json\/wp\/v2\/types\/page"}],"author":[{"embeddable":true,"href":"https:\/\/footique.zweipro.digital\/en\/wp-json\/wp\/v2\/users\/1"}],"replies":[{"embeddable":true,"href":"https:\/\/footique.zweipro.digital\/en\/wp-json\/wp\/v2\/comments?post=2651"}],"version-history":[{"count":2,"href":"https:\/\/footique.zweipro.digital\/en\/wp-json\/wp\/v2\/pages\/2651\/revisions"}],"predecessor-version":[{"id":2654,"href":"https:\/\/footique.zweipro.digital\/en\/wp-json\/wp\/v2\/pages\/2651\/revisions\/2654"}],"wp:attachment":[{"href":"https:\/\/footique.zweipro.digital\/en\/wp-json\/wp\/v2\/media?parent=2651"}],"curies":[{"name":"wp","href":"https:\/\/api.w.org\/{rel}","templated":true}]}}